{"id":2285,"date":"2022-06-28T08:20:18","date_gmt":"2022-06-28T08:20:18","guid":{"rendered":"https:\/\/veterinariacapicua.inttegrum.com\/?page_id=2285"},"modified":"2023-03-22T12:22:18","modified_gmt":"2023-03-22T12:22:18","slug":"planes-de-salud-para-animales","status":"publish","type":"page","link":"https:\/\/veterinariacapicuaaldaia.es\/index.php\/planes-de-salud-para-animales\/","title":{"rendered":"Planes de salud"},"content":{"rendered":"<div class=\"wpb-content-wrapper\"><p>[vc_row][vc_column][vc_empty_space height=\u00bb60px\u00bb]<div id=\"ultimate-heading-615669f0ef1ea91bb\" class=\"uvc-heading ult-adjust-bottom-margin ultimate-heading-615669f0ef1ea91bb uvc-7234 \" data-hspacer=\"line_only\"  data-halign=\"left\" style=\"text-align:left\"><div class=\"uvc-main-heading ult-responsive\"  data-ultimate-target='.uvc-heading.ultimate-heading-615669f0ef1ea91bb h2'  data-responsive-json-new='{\"font-size\":\"desktop:40px;\",\"line-height\":\"desktop:50px;\"}' ><h2 style=\"--font-weight:theme;color:#2fcfde;\">Los servicios de tu cl\u00ednica veterinaria en Aldaia<\/h2><\/div><div class=\"uvc-heading-spacer line_only\" style=\"topheight:3px;\"><span class=\"uvc-headings-line\" style=\"border-style:solid;border-bottom-width:3px;border-color:#2fcfde;width:150px;\"><\/span><\/div><div class=\"uvc-sub-heading ult-responsive\"  data-ultimate-target='.uvc-heading.ultimate-heading-615669f0ef1ea91bb .uvc-sub-heading '  data-responsive-json-new='{\"font-size\":\"\",\"line-height\":\"\"}'  style=\"font-weight:normal;\">En la cl\u00ednica veterinaria de Aldaia, siempre partiendo de la premisa de ofrecer a nuestras familias un servicio cercano e integral y la mejor atenci\u00f3n a nuestras mascotas, disponiendo de contactos con hospitales cercanos para urgencias o realizaci\u00f3n de pruebas diagn\u00f3sticas espec\u00edficas.<\/div><\/div>[vc_column_text]<\/p>\n<p style=\"text-align: justify;\">Si quieres evitar gastos imprevistos en servicios m\u00e9dicos veterinarios, si quieres ahorrar mientras realizas todos los procedimientos sanitarios recomendados, si quieres alargar la vida de tu mascota y verla crecer a tu lado sana y fuerte, tenemos un plan para ti.<\/p>\n<p style=\"text-align: justify;\">Nuestros planes de salud anuales est\u00e1n pensados espec\u00edficamente para que puedas despreocuparte de todo, mientras nosotros nos encargamos de elaborar un plan vacunal, diagn\u00f3stico preventivo y de desparasitaci\u00f3n individualizado para ella, nos encargamos de enviarte recordatorios , y adem\u00e1s con consultas ilimitadas durante su vigencia para darte la tranquilidad de poder venir\u00a0 a consulta cuando lo necesites.<\/p>\n<p style=\"text-align: justify;\">Adem\u00e1s disponemos de financiaci\u00f3n en 12 meses\u00a0 \u00bfCual es tu plan? .Seg\u00fan la edad de la mascota y la especie disponemos de un plan espec\u00edfico para ella. No dudes en preguntarnos en el 961512646 o en el 647949211.<\/p>\n<p>[\/vc_column_text][\/vc_column][\/vc_row][vc_row][vc_column width=\u00bb1\/2&#8243;][vc_single_image image=\u00bb2301&#8243; img_size=\u00bbfull\u00bb][\/vc_column][vc_column width=\u00bb1\/2&#8243;]<div id=\"ultimate-heading-685569f0ef1ea9228\" class=\"uvc-heading ult-adjust-bottom-margin ultimate-heading-685569f0ef1ea9228 uvc-7979 \" data-hspacer=\"line_only\"  data-halign=\"left\" style=\"text-align:left\"><div class=\"uvc-main-heading ult-responsive\"  data-ultimate-target='.uvc-heading.ultimate-heading-685569f0ef1ea9228 h2'  data-responsive-json-new='{\"font-size\":\"desktop:40px;\",\"line-height\":\"desktop:50px;\"}' ><h2 style=\"--font-weight:theme;color:#2fcfde;\">Planes de salud a tu medida<\/h2><\/div><div class=\"uvc-heading-spacer line_only\" style=\"topheight:3px;\"><span class=\"uvc-headings-line\" style=\"border-style:solid;border-bottom-width:3px;border-color:#2fcfde;width:150px;\"><\/span><\/div><\/div>[vc_empty_space height=\u00bb30px\u00bb][vc_column_text]<\/p>\n<ul>\n<li><strong>Consultas ilimitadas.<\/strong><\/li>\n<li><strong>Asesoramiento nutricional y etol\u00f3gico.<\/strong><\/li>\n<li><strong>Medicina preventiva.<\/strong>\n<ul>\n<li>Desparasitaciones internas anuales.<\/li>\n<li>Desparasitaciones externas anuales.<\/li>\n<li>Vacunaci\u00f3n anual.<\/li>\n<\/ul>\n<\/li>\n<\/ul>\n<p>[\/vc_column_text][vc_empty_space height=\u00bb30px\u00bb][vc_column_text]<\/p>\n<p style=\"text-align: center;\"><strong>15% de descuento en cirug\u00edas de esterilizaci\u00f3n.<\/strong><\/p>\n<p style=\"text-align: center;\"><strong>10% de descuento en anal\u00edticas sangu\u00edneas.<\/strong><\/p>\n<p>[\/vc_column_text][vc_empty_space height=\u00bb30px\u00bb][vc_column_text]Cl\u00ednica veterinaria en Aldaia, Cap i Cua.<br \/>\nTel: 961512646 | Wsp: 647949211[\/vc_column_text][\/vc_column][\/vc_row][vc_row full_width=\u00bbstretch_row_content_no_spaces\u00bb css=\u00bb.vc_custom_1656341819226{background-color: #f5f5f7 !important;}\u00bb][vc_column][vc_raw_html]JTNDZGl2JTIwc3R5bGUlM0QlMjJvdmVyZmxvdyUzQSUyMGhpZGRlbiUzQiUyMiUzRSUwQSUyMCUyMCUzQ3N2ZyUwQSUyMCUyMCUyMCUyMHByZXNlcnZlQXNwZWN0UmF0aW8lM0QlMjJub25lJTIyJTBBJTIwJTIwJTIwJTIwdmlld0JveCUzRCUyMjAlMjAwJTIwMTIwMCUyMDEyMCUyMiUwQSUyMCUyMCUyMCUyMHhtbG5zJTNEJTIyaHR0cCUzQSUyRiUyRnd3dy53My5vcmclMkYyMDAwJTJGc3ZnJTIyJTBBJTIwJTIwJTIwJTIwc3R5bGUlM0QlMjJmaWxsJTNBJTIwJTIzZmZmZmZmJTNCJTIwd2lkdGglM0ElMjAxNTElMjUlM0IlMjBoZWlnaHQlM0ElMjA2MHB4JTNCJTIyJTBBJTIwJTIwJTNFJTBBJTIwJTIwJTIwJTIwJTNDcGF0aCUyMGQlM0QlMjJNMzIxLjM5JTIwNTYuNDRjNTgtMTAuNzklMjAxMTQuMTYtMzAuMTMlMjAxNzItNDEuODYlMjA4Mi4zOS0xNi43MiUyMDE2OC4xOS0xNy43MyUyMDI1MC40NS0uMzlDODIzLjc4JTIwMzElMjA5MDYuNjclMjA3MiUyMDk4NS42NiUyMDkyLjgzYzcwLjA1JTIwMTguNDglMjAxNDYuNTMlMjAyNi4wOSUyMDIxNC4zNCUyMDNWMEgwdjI3LjM1YTYwMC4yMSUyMDYwMC4yMSUyMDAlMjAwMDMyMS4zOSUyMDI5LjA5eiUyMiUyMCUyRiUzRSUwQSUyMCUyMCUzQyUyRnN2ZyUzRSUwQSUzQyUyRmRpdiUzRQ==[\/vc_raw_html][vc_empty_space height=\u00bb60px\u00bb][\/vc_column][\/vc_row][vc_row full_width=\u00bbstretch_row\u00bb css=\u00bb.vc_custom_1656341922983{background-color: #f5f5f7 !important;}\u00bb][vc_column width=\u00bb1\/2&#8243;]<div id=\"ultimate-heading-403569f0ef1ea926c\" class=\"uvc-heading ult-adjust-bottom-margin ultimate-heading-403569f0ef1ea926c uvc-1478 \" data-hspacer=\"line_only\"  data-halign=\"left\" style=\"text-align:left\"><div class=\"uvc-main-heading ult-responsive\"  data-ultimate-target='.uvc-heading.ultimate-heading-403569f0ef1ea926c h2'  data-responsive-json-new='{\"font-size\":\"desktop:40px;\",\"line-height\":\"desktop:50px;\"}' ><h2 style=\"--font-weight:theme;color:#2fcfde;\">Planes de salud a tu medida<\/h2><\/div><div class=\"uvc-heading-spacer line_only\" style=\"topheight:3px;\"><span class=\"uvc-headings-line\" style=\"border-style:solid;border-bottom-width:3px;border-color:#2fcfde;width:150px;\"><\/span><\/div><\/div>[vc_empty_space height=\u00bb30px\u00bb][vc_column_text]<strong>Adaptamos el plan de salud a cada etapa de la vida de tu mascota.<\/strong><\/p>\n<p>&nbsp;<\/p>\n<p><strong>Pregunta por los planes, ahora tenemos nuevos descuentos y coberturas.<\/strong>[\/vc_column_text][vc_empty_space height=\u00bb30px\u00bb][vc_column_text]Cl\u00ednica veterinaria en Aldaia, Cap i Cua.<br \/>\nTel: 961512646 | Wsp: 647949211[\/vc_column_text][\/vc_column][vc_column width=\u00bb1\/2&#8243;][vc_single_image image=\u00bb2300&#8243; img_size=\u00bbfull\u00bb][\/vc_column][\/vc_row]<\/p>\n<\/div>","protected":false},"excerpt":{"rendered":"<p>[vc_row][vc_column][vc_empty_space height=\u00bb60px\u00bb][vc_column_text] Si quieres evitar gastos imprevistos en servicios m\u00e9dicos veterinarios, si quieres ahorrar mientras realizas todos los procedimientos sanitarios recomendados, si quieres alargar la vida de tu mascota y verla crecer a tu lado sana y fuerte, tenemos un plan para ti. Nuestros planes de salud anuales est\u00e1n pensados espec\u00edficamente para que puedas despreocuparte&hellip;<\/p>\n","protected":false},"author":1,"featured_media":0,"parent":0,"menu_order":40,"comment_status":"closed","ping_status":"closed","template":"","meta":{"inline_featured_image":false,"footnotes":""},"class_list":["post-2285","page","type-page","status-publish","hentry","description-off"],"yoast_head":"<!-- This site is optimized with the Yoast SEO plugin v27.4 - https:\/\/yoast.com\/product\/yoast-seo-wordpress\/ -->\n<title>Planes de salud - Veterinaria en Aldaia Cap i Cua<\/title>\n<meta name=\"robots\" content=\"index, follow, max-snippet:-1, max-image-preview:large, max-video-preview:-1\" \/>\n<link rel=\"canonical\" href=\"https:\/\/veterinariacapicuaaldaia.es\/index.php\/planes-de-salud-para-animales\/\" \/>\n<meta property=\"og:locale\" content=\"es_ES\" \/>\n<meta property=\"og:type\" content=\"article\" \/>\n<meta property=\"og:title\" content=\"Planes de salud - Veterinaria en Aldaia Cap i Cua\" \/>\n<meta property=\"og:description\" content=\"[vc_row][vc_column][vc_empty_space height=\u00bb60px\u00bb][vc_column_text] Si quieres evitar gastos imprevistos en servicios m\u00e9dicos veterinarios, si quieres ahorrar mientras realizas todos los procedimientos sanitarios recomendados, si quieres alargar la vida de tu mascota y verla crecer a tu lado sana y fuerte, tenemos un plan para ti. Nuestros planes de salud anuales est\u00e1n pensados espec\u00edficamente para que puedas despreocuparte&hellip;\" \/>\n<meta property=\"og:url\" content=\"https:\/\/veterinariacapicuaaldaia.es\/index.php\/planes-de-salud-para-animales\/\" \/>\n<meta property=\"og:site_name\" content=\"Veterinaria en Aldaia Cap i Cua\" \/>\n<meta property=\"article:publisher\" content=\"https:\/\/www.facebook.com\/veterinariacapicua\/\" \/>\n<meta property=\"article:modified_time\" content=\"2023-03-22T12:22:18+00:00\" \/>\n<meta name=\"twitter:card\" content=\"summary_large_image\" \/>\n<meta name=\"twitter:label1\" content=\"Tiempo de lectura\" \/>\n\t<meta name=\"twitter:data1\" content=\"3 minutos\" \/>\n<script type=\"application\/ld+json\" class=\"yoast-schema-graph\">{\"@context\":\"https:\\\/\\\/schema.org\",\"@graph\":[{\"@type\":\"WebPage\",\"@id\":\"https:\\\/\\\/veterinariacapicuaaldaia.es\\\/index.php\\\/planes-de-salud-para-animales\\\/\",\"url\":\"https:\\\/\\\/veterinariacapicuaaldaia.es\\\/index.php\\\/planes-de-salud-para-animales\\\/\",\"name\":\"Planes de salud - Veterinaria en Aldaia Cap i Cua\",\"isPartOf\":{\"@id\":\"https:\\\/\\\/veterinariacapicuaaldaia.es\\\/#website\"},\"datePublished\":\"2022-06-28T08:20:18+00:00\",\"dateModified\":\"2023-03-22T12:22:18+00:00\",\"breadcrumb\":{\"@id\":\"https:\\\/\\\/veterinariacapicuaaldaia.es\\\/index.php\\\/planes-de-salud-para-animales\\\/#breadcrumb\"},\"inLanguage\":\"es\",\"potentialAction\":[{\"@type\":\"ReadAction\",\"target\":[\"https:\\\/\\\/veterinariacapicuaaldaia.es\\\/index.php\\\/planes-de-salud-para-animales\\\/\"]}]},{\"@type\":\"BreadcrumbList\",\"@id\":\"https:\\\/\\\/veterinariacapicuaaldaia.es\\\/index.php\\\/planes-de-salud-para-animales\\\/#breadcrumb\",\"itemListElement\":[{\"@type\":\"ListItem\",\"position\":1,\"name\":\"Portada\",\"item\":\"https:\\\/\\\/veterinariacapicuaaldaia.es\\\/\"},{\"@type\":\"ListItem\",\"position\":2,\"name\":\"Planes de salud\"}]},{\"@type\":\"WebSite\",\"@id\":\"https:\\\/\\\/veterinariacapicuaaldaia.es\\\/#website\",\"url\":\"https:\\\/\\\/veterinariacapicuaaldaia.es\\\/\",\"name\":\"Veterinaria en Aldaia Cap i Cua\",\"description\":\"Cl\u00ednica veterinaria en Aldaia, el centro veterinario cerca de Valencia comprometido con la medicina preventiva para perros y gatos.\",\"publisher\":{\"@id\":\"https:\\\/\\\/veterinariacapicuaaldaia.es\\\/#organization\"},\"potentialAction\":[{\"@type\":\"SearchAction\",\"target\":{\"@type\":\"EntryPoint\",\"urlTemplate\":\"https:\\\/\\\/veterinariacapicuaaldaia.es\\\/?s={search_term_string}\"},\"query-input\":{\"@type\":\"PropertyValueSpecification\",\"valueRequired\":true,\"valueName\":\"search_term_string\"}}],\"inLanguage\":\"es\"},{\"@type\":\"Organization\",\"@id\":\"https:\\\/\\\/veterinariacapicuaaldaia.es\\\/#organization\",\"name\":\"Veterinaria en Aldaia Cap i Cua\",\"url\":\"https:\\\/\\\/veterinariacapicuaaldaia.es\\\/\",\"logo\":{\"@type\":\"ImageObject\",\"inLanguage\":\"es\",\"@id\":\"https:\\\/\\\/veterinariacapicuaaldaia.es\\\/#\\\/schema\\\/logo\\\/image\\\/\",\"url\":\"https:\\\/\\\/veterinariacapicuaaldaia.es\\\/wp-content\\\/uploads\\\/2022\\\/06\\\/logo_512.png\",\"contentUrl\":\"https:\\\/\\\/veterinariacapicuaaldaia.es\\\/wp-content\\\/uploads\\\/2022\\\/06\\\/logo_512.png\",\"width\":512,\"height\":512,\"caption\":\"Veterinaria en Aldaia Cap i Cua\"},\"image\":{\"@id\":\"https:\\\/\\\/veterinariacapicuaaldaia.es\\\/#\\\/schema\\\/logo\\\/image\\\/\"},\"sameAs\":[\"https:\\\/\\\/www.facebook.com\\\/veterinariacapicua\\\/\",\"https:\\\/\\\/www.instagram.com\\\/capicuaaldaia\\\/\"]}]}<\/script>\n<!-- \/ Yoast SEO plugin. -->","yoast_head_json":{"title":"Planes de salud - Veterinaria en Aldaia Cap i Cua","robots":{"index":"index","follow":"follow","max-snippet":"max-snippet:-1","max-image-preview":"max-image-preview:large","max-video-preview":"max-video-preview:-1"},"canonical":"https:\/\/veterinariacapicuaaldaia.es\/index.php\/planes-de-salud-para-animales\/","og_locale":"es_ES","og_type":"article","og_title":"Planes de salud - Veterinaria en Aldaia Cap i Cua","og_description":"[vc_row][vc_column][vc_empty_space height=\u00bb60px\u00bb][vc_column_text] Si quieres evitar gastos imprevistos en servicios m\u00e9dicos veterinarios, si quieres ahorrar mientras realizas todos los procedimientos sanitarios recomendados, si quieres alargar la vida de tu mascota y verla crecer a tu lado sana y fuerte, tenemos un plan para ti. Nuestros planes de salud anuales est\u00e1n pensados espec\u00edficamente para que puedas despreocuparte&hellip;","og_url":"https:\/\/veterinariacapicuaaldaia.es\/index.php\/planes-de-salud-para-animales\/","og_site_name":"Veterinaria en Aldaia Cap i Cua","article_publisher":"https:\/\/www.facebook.com\/veterinariacapicua\/","article_modified_time":"2023-03-22T12:22:18+00:00","twitter_card":"summary_large_image","twitter_misc":{"Tiempo de lectura":"3 minutos"},"schema":{"@context":"https:\/\/schema.org","@graph":[{"@type":"WebPage","@id":"https:\/\/veterinariacapicuaaldaia.es\/index.php\/planes-de-salud-para-animales\/","url":"https:\/\/veterinariacapicuaaldaia.es\/index.php\/planes-de-salud-para-animales\/","name":"Planes de salud - Veterinaria en Aldaia Cap i Cua","isPartOf":{"@id":"https:\/\/veterinariacapicuaaldaia.es\/#website"},"datePublished":"2022-06-28T08:20:18+00:00","dateModified":"2023-03-22T12:22:18+00:00","breadcrumb":{"@id":"https:\/\/veterinariacapicuaaldaia.es\/index.php\/planes-de-salud-para-animales\/#breadcrumb"},"inLanguage":"es","potentialAction":[{"@type":"ReadAction","target":["https:\/\/veterinariacapicuaaldaia.es\/index.php\/planes-de-salud-para-animales\/"]}]},{"@type":"BreadcrumbList","@id":"https:\/\/veterinariacapicuaaldaia.es\/index.php\/planes-de-salud-para-animales\/#breadcrumb","itemListElement":[{"@type":"ListItem","position":1,"name":"Portada","item":"https:\/\/veterinariacapicuaaldaia.es\/"},{"@type":"ListItem","position":2,"name":"Planes de salud"}]},{"@type":"WebSite","@id":"https:\/\/veterinariacapicuaaldaia.es\/#website","url":"https:\/\/veterinariacapicuaaldaia.es\/","name":"Veterinaria en Aldaia Cap i Cua","description":"Cl\u00ednica veterinaria en Aldaia, el centro veterinario cerca de Valencia comprometido con la medicina preventiva para perros y gatos.","publisher":{"@id":"https:\/\/veterinariacapicuaaldaia.es\/#organization"},"potentialAction":[{"@type":"SearchAction","target":{"@type":"EntryPoint","urlTemplate":"https:\/\/veterinariacapicuaaldaia.es\/?s={search_term_string}"},"query-input":{"@type":"PropertyValueSpecification","valueRequired":true,"valueName":"search_term_string"}}],"inLanguage":"es"},{"@type":"Organization","@id":"https:\/\/veterinariacapicuaaldaia.es\/#organization","name":"Veterinaria en Aldaia Cap i Cua","url":"https:\/\/veterinariacapicuaaldaia.es\/","logo":{"@type":"ImageObject","inLanguage":"es","@id":"https:\/\/veterinariacapicuaaldaia.es\/#\/schema\/logo\/image\/","url":"https:\/\/veterinariacapicuaaldaia.es\/wp-content\/uploads\/2022\/06\/logo_512.png","contentUrl":"https:\/\/veterinariacapicuaaldaia.es\/wp-content\/uploads\/2022\/06\/logo_512.png","width":512,"height":512,"caption":"Veterinaria en Aldaia Cap i Cua"},"image":{"@id":"https:\/\/veterinariacapicuaaldaia.es\/#\/schema\/logo\/image\/"},"sameAs":["https:\/\/www.facebook.com\/veterinariacapicua\/","https:\/\/www.instagram.com\/capicuaaldaia\/"]}]}},"_links":{"self":[{"href":"https:\/\/veterinariacapicuaaldaia.es\/index.php\/wp-json\/wp\/v2\/pages\/2285","targetHints":{"allow":["GET"]}}],"collection":[{"href":"https:\/\/veterinariacapicuaaldaia.es\/index.php\/wp-json\/wp\/v2\/pages"}],"about":[{"href":"https:\/\/veterinariacapicuaaldaia.es\/index.php\/wp-json\/wp\/v2\/types\/page"}],"author":[{"embeddable":true,"href":"https:\/\/veterinariacapicuaaldaia.es\/index.php\/wp-json\/wp\/v2\/users\/1"}],"replies":[{"embeddable":true,"href":"https:\/\/veterinariacapicuaaldaia.es\/index.php\/wp-json\/wp\/v2\/comments?post=2285"}],"version-history":[{"count":21,"href":"https:\/\/veterinariacapicuaaldaia.es\/index.php\/wp-json\/wp\/v2\/pages\/2285\/revisions"}],"predecessor-version":[{"id":2439,"href":"https:\/\/veterinariacapicuaaldaia.es\/index.php\/wp-json\/wp\/v2\/pages\/2285\/revisions\/2439"}],"wp:attachment":[{"href":"https:\/\/veterinariacapicuaaldaia.es\/index.php\/wp-json\/wp\/v2\/media?parent=2285"}],"curies":[{"name":"wp","href":"https:\/\/api.w.org\/{rel}","templated":true}]}}