{"id":2386,"date":"2022-06-30T06:58:24","date_gmt":"2022-06-30T06:58:24","guid":{"rendered":"https:\/\/veterinariacapicua.inttegrum.com\/?page_id=2386"},"modified":"2022-06-30T07:10:24","modified_gmt":"2022-06-30T07:10:24","slug":"tienda-alimentacion-veterinaria","status":"publish","type":"page","link":"https:\/\/veterinariacapicuaaldaia.es\/index.php\/tienda-alimentacion-veterinaria\/","title":{"rendered":"Tienda alimentaci\u00f3n veterinaria"},"content":{"rendered":"<div class=\"wpb-content-wrapper\"><p>[vc_row equal_height=\u00bbyes\u00bb css=\u00bb.vc_custom_1656571885292{padding-top: 80px !important;padding-bottom: 0px !important;}\u00bb][vc_column offset=\u00bbvc_col-lg-offset-0 vc_col-lg-12 vc_col-md-offset-0 vc_col-md-12 vc_col-sm-offset-0&#8243;]<div id=\"ultimate-heading-606669fdbd3b02dcc\" class=\"uvc-heading ult-adjust-bottom-margin ultimate-heading-606669fdbd3b02dcc uvc-5552 accent-border-color accent-title-color\" data-hspacer=\"line_only\"  data-halign=\"center\" style=\"text-align:center\"><div class=\"uvc-main-heading ult-responsive\"  data-ultimate-target='.uvc-heading.ultimate-heading-606669fdbd3b02dcc h2'  data-responsive-json-new='{\"font-size\":\"desktop:40px;mobile_landscape:30px;\",\"line-height\":\"desktop:50px;mobile_landscape:40px;\"}' ><h2 style=\"--font-weight:theme;margin-bottom:15px;\">Cap i Cua, Aldaia: Tienda de alimentaci\u00f3n para mascotas<\/h2><\/div><div class=\"uvc-heading-spacer line_only\" style=\"margin-bottom:40px;height:3px;\"><span class=\"uvc-headings-line\" style=\"border-style:solid;border-bottom-width:3px;border-color:;width:150px;\"><\/span><\/div><div class=\"uvc-sub-heading ult-responsive\"  data-ultimate-target='.uvc-heading.ultimate-heading-606669fdbd3b02dcc .uvc-sub-heading '  data-responsive-json-new='{\"font-size\":\"desktop:22px;\",\"line-height\":\"desktop:34px;\"}'  style=\"font-weight:normal;margin-bottom:60px;\"><\/p>\n<p style=\"text-align: center;\"><strong>Disponemos de alimentaci\u00f3n natural fisiol\u00f3gica, y nutrici\u00f3n veterinaria espec\u00edfica para ayudar a tratar cualquier patolog\u00eda.<\/strong><\/p>\n<p>Nuestra alimentaci\u00f3n se basa en productos naturales, sus caracter\u00edsticas y composici\u00f3n est\u00e1n visibles y descritas y se cocinan a bajas temperaturas para evitar la p\u00e9rdida de nutrientes esenciales. Con una amplia variedad tanto en seco como en h\u00famedo, y muchos sabores para adaptarnos a todas sus preferencias.<\/p>\n<p>Estaremos encantadas de asesorarle para el caso concreto de su mascota.<\/div><\/div>[\/vc_column][\/vc_row][vc_row][vc_column][vc_single_image image=\u00bb2392&#8243; img_size=\u00bbfull\u00bb][\/vc_column][\/vc_row][vc_row][vc_column]<div id=\"ultimate-heading-363569fdbd3b02e45\" class=\"uvc-heading ult-adjust-bottom-margin ultimate-heading-363569fdbd3b02e45 uvc-2362 accent-border-color accent-title-color\" data-hspacer=\"line_only\"  data-halign=\"center\" style=\"text-align:center\"><div class=\"uvc-heading-spacer line_only\" style=\"margin-bottom:40px;height:3px;\"><span class=\"uvc-headings-line\" style=\"border-style:solid;border-bottom-width:3px;border-color:;width:150px;\"><\/span><\/div><div class=\"uvc-sub-heading ult-responsive\"  data-ultimate-target='.uvc-heading.ultimate-heading-363569fdbd3b02e45 .uvc-sub-heading '  data-responsive-json-new='{\"font-size\":\"desktop:22px;\",\"line-height\":\"desktop:34px;\"}'  style=\"font-weight:normal;margin-bottom:60px;\">En nuestra tienda veterinaria encontrar\u00e1 los mejores productos tales como champ\u00fas espec\u00edficos de tratamiento, limpiadores auriculares, complementos nutricionales, antiparasitarios.. pero lo m\u00e1s importante es el asesoramiento espec\u00edfico de nuestro personal veterinario que le aconsejar\u00e1 el mejor producto seg\u00fan peso y necesidades de su mascota.<\/div><\/div>[\/vc_column][\/vc_row][vc_row][vc_column][vc_single_image image=\u00bb2393&#8243; img_size=\u00bbfull\u00bb][\/vc_column][\/vc_row][vc_row][vc_column][vc_empty_space][\/vc_column][\/vc_row]<\/p>\n<\/div>","protected":false},"excerpt":{"rendered":"<p>[vc_row equal_height=\u00bbyes\u00bb css=\u00bb.vc_custom_1656571885292{padding-top: 80px !important;padding-bottom: 0px !important;}\u00bb][vc_column offset=\u00bbvc_col-lg-offset-0 vc_col-lg-12 vc_col-md-offset-0 vc_col-md-12 vc_col-sm-offset-0&#8243;][\/vc_column][\/vc_row][vc_row][vc_column][vc_single_image image=\u00bb2392&#8243; img_size=\u00bbfull\u00bb][\/vc_column][\/vc_row][vc_row][vc_column][\/vc_column][\/vc_row][vc_row][vc_column][vc_single_image image=\u00bb2393&#8243; img_size=\u00bbfull\u00bb][\/vc_column][\/vc_row][vc_row][vc_column][vc_empty_space][\/vc_column][\/vc_row]<\/p>\n","protected":false},"author":1,"featured_media":0,"parent":0,"menu_order":30,"comment_status":"closed","ping_status":"closed","template":"","meta":{"inline_featured_image":false,"footnotes":""},"class_list":["post-2386","page","type-page","status-publish","hentry","description-off"],"yoast_head":"<!-- This site is optimized with the Yoast SEO plugin v27.5 - https:\/\/yoast.com\/product\/yoast-seo-wordpress\/ -->\n<title>Tienda alimentaci\u00f3n veterinaria - Veterinaria en Aldaia Cap i Cua<\/title>\n<meta name=\"robots\" content=\"index, follow, max-snippet:-1, max-image-preview:large, max-video-preview:-1\" \/>\n<link rel=\"canonical\" href=\"https:\/\/veterinariacapicuaaldaia.es\/index.php\/tienda-alimentacion-veterinaria\/\" \/>\n<meta property=\"og:locale\" content=\"es_ES\" \/>\n<meta property=\"og:type\" content=\"article\" \/>\n<meta property=\"og:title\" content=\"Tienda alimentaci\u00f3n veterinaria - Veterinaria en Aldaia Cap i Cua\" \/>\n<meta property=\"og:description\" content=\"[vc_row equal_height=\u00bbyes\u00bb css=\u00bb.vc_custom_1656571885292{padding-top: 80px !important;padding-bottom: 0px !important;}\u00bb][vc_column offset=\u00bbvc_col-lg-offset-0 vc_col-lg-12 vc_col-md-offset-0 vc_col-md-12 vc_col-sm-offset-0&#8243;][\/vc_column][\/vc_row][vc_row][vc_column][vc_single_image image=\u00bb2392&#8243; img_size=\u00bbfull\u00bb][\/vc_column][\/vc_row][vc_row][vc_column][\/vc_column][\/vc_row][vc_row][vc_column][vc_single_image image=\u00bb2393&#8243; img_size=\u00bbfull\u00bb][\/vc_column][\/vc_row][vc_row][vc_column][vc_empty_space][\/vc_column][\/vc_row]\" \/>\n<meta property=\"og:url\" content=\"https:\/\/veterinariacapicuaaldaia.es\/index.php\/tienda-alimentacion-veterinaria\/\" \/>\n<meta property=\"og:site_name\" content=\"Veterinaria en Aldaia Cap i Cua\" \/>\n<meta property=\"article:publisher\" content=\"https:\/\/www.facebook.com\/veterinariacapicua\/\" \/>\n<meta property=\"article:modified_time\" content=\"2022-06-30T07:10:24+00:00\" \/>\n<meta name=\"twitter:card\" content=\"summary_large_image\" \/>\n<meta name=\"twitter:label1\" content=\"Tiempo de lectura\" \/>\n\t<meta name=\"twitter:data1\" content=\"2 minutos\" \/>\n<script type=\"application\/ld+json\" class=\"yoast-schema-graph\">{\"@context\":\"https:\\\/\\\/schema.org\",\"@graph\":[{\"@type\":\"WebPage\",\"@id\":\"https:\\\/\\\/veterinariacapicuaaldaia.es\\\/index.php\\\/tienda-alimentacion-veterinaria\\\/\",\"url\":\"https:\\\/\\\/veterinariacapicuaaldaia.es\\\/index.php\\\/tienda-alimentacion-veterinaria\\\/\",\"name\":\"Tienda alimentaci\u00f3n veterinaria - Veterinaria en Aldaia Cap i Cua\",\"isPartOf\":{\"@id\":\"https:\\\/\\\/veterinariacapicuaaldaia.es\\\/#website\"},\"datePublished\":\"2022-06-30T06:58:24+00:00\",\"dateModified\":\"2022-06-30T07:10:24+00:00\",\"breadcrumb\":{\"@id\":\"https:\\\/\\\/veterinariacapicuaaldaia.es\\\/index.php\\\/tienda-alimentacion-veterinaria\\\/#breadcrumb\"},\"inLanguage\":\"es\",\"potentialAction\":[{\"@type\":\"ReadAction\",\"target\":[\"https:\\\/\\\/veterinariacapicuaaldaia.es\\\/index.php\\\/tienda-alimentacion-veterinaria\\\/\"]}]},{\"@type\":\"BreadcrumbList\",\"@id\":\"https:\\\/\\\/veterinariacapicuaaldaia.es\\\/index.php\\\/tienda-alimentacion-veterinaria\\\/#breadcrumb\",\"itemListElement\":[{\"@type\":\"ListItem\",\"position\":1,\"name\":\"Portada\",\"item\":\"https:\\\/\\\/veterinariacapicuaaldaia.es\\\/\"},{\"@type\":\"ListItem\",\"position\":2,\"name\":\"Tienda alimentaci\u00f3n veterinaria\"}]},{\"@type\":\"WebSite\",\"@id\":\"https:\\\/\\\/veterinariacapicuaaldaia.es\\\/#website\",\"url\":\"https:\\\/\\\/veterinariacapicuaaldaia.es\\\/\",\"name\":\"Veterinaria en Aldaia Cap i Cua\",\"description\":\"Cl\u00ednica veterinaria en Aldaia, el centro veterinario cerca de Valencia comprometido con la medicina preventiva para perros y gatos.\",\"publisher\":{\"@id\":\"https:\\\/\\\/veterinariacapicuaaldaia.es\\\/#organization\"},\"potentialAction\":[{\"@type\":\"SearchAction\",\"target\":{\"@type\":\"EntryPoint\",\"urlTemplate\":\"https:\\\/\\\/veterinariacapicuaaldaia.es\\\/?s={search_term_string}\"},\"query-input\":{\"@type\":\"PropertyValueSpecification\",\"valueRequired\":true,\"valueName\":\"search_term_string\"}}],\"inLanguage\":\"es\"},{\"@type\":\"Organization\",\"@id\":\"https:\\\/\\\/veterinariacapicuaaldaia.es\\\/#organization\",\"name\":\"Veterinaria en Aldaia Cap i Cua\",\"url\":\"https:\\\/\\\/veterinariacapicuaaldaia.es\\\/\",\"logo\":{\"@type\":\"ImageObject\",\"inLanguage\":\"es\",\"@id\":\"https:\\\/\\\/veterinariacapicuaaldaia.es\\\/#\\\/schema\\\/logo\\\/image\\\/\",\"url\":\"https:\\\/\\\/veterinariacapicuaaldaia.es\\\/wp-content\\\/uploads\\\/2022\\\/06\\\/logo_512.png\",\"contentUrl\":\"https:\\\/\\\/veterinariacapicuaaldaia.es\\\/wp-content\\\/uploads\\\/2022\\\/06\\\/logo_512.png\",\"width\":512,\"height\":512,\"caption\":\"Veterinaria en Aldaia Cap i Cua\"},\"image\":{\"@id\":\"https:\\\/\\\/veterinariacapicuaaldaia.es\\\/#\\\/schema\\\/logo\\\/image\\\/\"},\"sameAs\":[\"https:\\\/\\\/www.facebook.com\\\/veterinariacapicua\\\/\",\"https:\\\/\\\/www.instagram.com\\\/capicuaaldaia\\\/\"]}]}<\/script>\n<!-- \/ Yoast SEO plugin. -->","yoast_head_json":{"title":"Tienda alimentaci\u00f3n veterinaria - Veterinaria en Aldaia Cap i Cua","robots":{"index":"index","follow":"follow","max-snippet":"max-snippet:-1","max-image-preview":"max-image-preview:large","max-video-preview":"max-video-preview:-1"},"canonical":"https:\/\/veterinariacapicuaaldaia.es\/index.php\/tienda-alimentacion-veterinaria\/","og_locale":"es_ES","og_type":"article","og_title":"Tienda alimentaci\u00f3n veterinaria - Veterinaria en Aldaia Cap i Cua","og_description":"[vc_row equal_height=\u00bbyes\u00bb css=\u00bb.vc_custom_1656571885292{padding-top: 80px !important;padding-bottom: 0px !important;}\u00bb][vc_column offset=\u00bbvc_col-lg-offset-0 vc_col-lg-12 vc_col-md-offset-0 vc_col-md-12 vc_col-sm-offset-0&#8243;][\/vc_column][\/vc_row][vc_row][vc_column][vc_single_image image=\u00bb2392&#8243; img_size=\u00bbfull\u00bb][\/vc_column][\/vc_row][vc_row][vc_column][\/vc_column][\/vc_row][vc_row][vc_column][vc_single_image image=\u00bb2393&#8243; img_size=\u00bbfull\u00bb][\/vc_column][\/vc_row][vc_row][vc_column][vc_empty_space][\/vc_column][\/vc_row]","og_url":"https:\/\/veterinariacapicuaaldaia.es\/index.php\/tienda-alimentacion-veterinaria\/","og_site_name":"Veterinaria en Aldaia Cap i Cua","article_publisher":"https:\/\/www.facebook.com\/veterinariacapicua\/","article_modified_time":"2022-06-30T07:10:24+00:00","twitter_card":"summary_large_image","twitter_misc":{"Tiempo de lectura":"2 minutos"},"schema":{"@context":"https:\/\/schema.org","@graph":[{"@type":"WebPage","@id":"https:\/\/veterinariacapicuaaldaia.es\/index.php\/tienda-alimentacion-veterinaria\/","url":"https:\/\/veterinariacapicuaaldaia.es\/index.php\/tienda-alimentacion-veterinaria\/","name":"Tienda alimentaci\u00f3n veterinaria - Veterinaria en Aldaia Cap i Cua","isPartOf":{"@id":"https:\/\/veterinariacapicuaaldaia.es\/#website"},"datePublished":"2022-06-30T06:58:24+00:00","dateModified":"2022-06-30T07:10:24+00:00","breadcrumb":{"@id":"https:\/\/veterinariacapicuaaldaia.es\/index.php\/tienda-alimentacion-veterinaria\/#breadcrumb"},"inLanguage":"es","potentialAction":[{"@type":"ReadAction","target":["https:\/\/veterinariacapicuaaldaia.es\/index.php\/tienda-alimentacion-veterinaria\/"]}]},{"@type":"BreadcrumbList","@id":"https:\/\/veterinariacapicuaaldaia.es\/index.php\/tienda-alimentacion-veterinaria\/#breadcrumb","itemListElement":[{"@type":"ListItem","position":1,"name":"Portada","item":"https:\/\/veterinariacapicuaaldaia.es\/"},{"@type":"ListItem","position":2,"name":"Tienda alimentaci\u00f3n veterinaria"}]},{"@type":"WebSite","@id":"https:\/\/veterinariacapicuaaldaia.es\/#website","url":"https:\/\/veterinariacapicuaaldaia.es\/","name":"Veterinaria en Aldaia Cap i Cua","description":"Cl\u00ednica veterinaria en Aldaia, el centro veterinario cerca de Valencia comprometido con la medicina preventiva para perros y gatos.","publisher":{"@id":"https:\/\/veterinariacapicuaaldaia.es\/#organization"},"potentialAction":[{"@type":"SearchAction","target":{"@type":"EntryPoint","urlTemplate":"https:\/\/veterinariacapicuaaldaia.es\/?s={search_term_string}"},"query-input":{"@type":"PropertyValueSpecification","valueRequired":true,"valueName":"search_term_string"}}],"inLanguage":"es"},{"@type":"Organization","@id":"https:\/\/veterinariacapicuaaldaia.es\/#organization","name":"Veterinaria en Aldaia Cap i Cua","url":"https:\/\/veterinariacapicuaaldaia.es\/","logo":{"@type":"ImageObject","inLanguage":"es","@id":"https:\/\/veterinariacapicuaaldaia.es\/#\/schema\/logo\/image\/","url":"https:\/\/veterinariacapicuaaldaia.es\/wp-content\/uploads\/2022\/06\/logo_512.png","contentUrl":"https:\/\/veterinariacapicuaaldaia.es\/wp-content\/uploads\/2022\/06\/logo_512.png","width":512,"height":512,"caption":"Veterinaria en Aldaia Cap i Cua"},"image":{"@id":"https:\/\/veterinariacapicuaaldaia.es\/#\/schema\/logo\/image\/"},"sameAs":["https:\/\/www.facebook.com\/veterinariacapicua\/","https:\/\/www.instagram.com\/capicuaaldaia\/"]}]}},"_links":{"self":[{"href":"https:\/\/veterinariacapicuaaldaia.es\/index.php\/wp-json\/wp\/v2\/pages\/2386","targetHints":{"allow":["GET"]}}],"collection":[{"href":"https:\/\/veterinariacapicuaaldaia.es\/index.php\/wp-json\/wp\/v2\/pages"}],"about":[{"href":"https:\/\/veterinariacapicuaaldaia.es\/index.php\/wp-json\/wp\/v2\/types\/page"}],"author":[{"embeddable":true,"href":"https:\/\/veterinariacapicuaaldaia.es\/index.php\/wp-json\/wp\/v2\/users\/1"}],"replies":[{"embeddable":true,"href":"https:\/\/veterinariacapicuaaldaia.es\/index.php\/wp-json\/wp\/v2\/comments?post=2386"}],"version-history":[{"count":5,"href":"https:\/\/veterinariacapicuaaldaia.es\/index.php\/wp-json\/wp\/v2\/pages\/2386\/revisions"}],"predecessor-version":[{"id":2394,"href":"https:\/\/veterinariacapicuaaldaia.es\/index.php\/wp-json\/wp\/v2\/pages\/2386\/revisions\/2394"}],"wp:attachment":[{"href":"https:\/\/veterinariacapicuaaldaia.es\/index.php\/wp-json\/wp\/v2\/media?parent=2386"}],"curies":[{"name":"wp","href":"https:\/\/api.w.org\/{rel}","templated":true}]}}